{"id":41,"date":"2014-10-15T17:56:12","date_gmt":"2014-10-15T15:56:12","guid":{"rendered":"http:\/\/www.beratung-mit-pferden.de\/?page_id=41"},"modified":"2021-01-02T18:15:33","modified_gmt":"2021-01-02T16:15:33","slug":"41-2","status":"publish","type":"page","link":"https:\/\/beratung-mit-pferden.de\/","title":{"rendered":"Herzlich willkommen"},"content":{"rendered":"<p>[et_pb_section fb_built=&#8220;1&#8243; _builder_version=&#8220;3.22&#8243; background_color=&#8220;#ffffff&#8220; transparent_background=&#8220;off&#8220;][et_pb_row _builder_version=&#8220;3.25&#8243; background_size=&#8220;initial&#8220; background_position=&#8220;top_left&#8220; background_repeat=&#8220;repeat&#8220;][et_pb_column type=&#8220;4_4&#8243; _builder_version=&#8220;3.25&#8243; custom_padding=&#8220;|||&#8220; custom_padding__hover=&#8220;|||&#8220;][et_pb_slider show_arrows=&#8220;off&#8220; show_pagination=&#8220;off&#8220; admin_label=&#8220;Foto&#8220; _builder_version=&#8220;3.16&#8243; custom_padding=&#8220;|||&#8220; custom_padding_tablet=&#8220;|||&#8220; custom_padding_phone=&#8220;|||&#8220; box_shadow_style=&#8220;preset6&#8243; box_shadow_blur=&#8220;10px&#8220; box_shadow_color=&#8220;rgba(0,0,0,0.1)&#8220; show_inner_shadow=&#8220;on&#8220; button_text_size__hover_enabled=&#8220;off&#8220; button_one_text_size__hover_enabled=&#8220;off&#8220; button_two_text_size__hover_enabled=&#8220;off&#8220; button_text_color__hover_enabled=&#8220;off&#8220; button_one_text_color__hover_enabled=&#8220;off&#8220; button_two_text_color__hover_enabled=&#8220;off&#8220; button_border_width__hover_enabled=&#8220;off&#8220; button_one_border_width__hover_enabled=&#8220;off&#8220; button_two_border_width__hover_enabled=&#8220;off&#8220; button_border_color__hover_enabled=&#8220;off&#8220; button_one_border_color__hover_enabled=&#8220;off&#8220; button_two_border_color__hover_enabled=&#8220;off&#8220; button_border_radius__hover_enabled=&#8220;off&#8220; button_one_border_radius__hover_enabled=&#8220;off&#8220; button_two_border_radius__hover_enabled=&#8220;off&#8220; button_letter_spacing__hover_enabled=&#8220;off&#8220; button_one_letter_spacing__hover_enabled=&#8220;off&#8220; button_two_letter_spacing__hover_enabled=&#8220;off&#8220; button_bg_color__hover_enabled=&#8220;off&#8220; button_one_bg_color__hover_enabled=&#8220;off&#8220; button_two_bg_color__hover_enabled=&#8220;off&#8220;][et_pb_slide heading=&#8220;Beratung mit Pferden &#8211; Kerstin Wiese&#8220; _builder_version=&#8220;3.16&#8243; background_color=&#8220;#27c9b9&#8243; background_image=&#8220;https:\/\/www.beratung-mit-pferden.de\/wp-content\/uploads\/2014\/10\/startbild2.jpg&#8220; button_text_size__hover_enabled=&#8220;off&#8220; button_one_text_size__hover_enabled=&#8220;off&#8220; button_two_text_size__hover_enabled=&#8220;off&#8220; button_text_color__hover_enabled=&#8220;off&#8220; button_one_text_color__hover_enabled=&#8220;off&#8220; button_two_text_color__hover_enabled=&#8220;off&#8220; button_border_width__hover_enabled=&#8220;off&#8220; button_one_border_width__hover_enabled=&#8220;off&#8220; button_two_border_width__hover_enabled=&#8220;off&#8220; button_border_color__hover_enabled=&#8220;off&#8220; button_one_border_color__hover_enabled=&#8220;off&#8220; button_two_border_color__hover_enabled=&#8220;off&#8220; button_border_radius__hover_enabled=&#8220;off&#8220; button_one_border_radius__hover_enabled=&#8220;off&#8220; button_two_border_radius__hover_enabled=&#8220;off&#8220; button_letter_spacing__hover_enabled=&#8220;off&#8220; button_one_letter_spacing__hover_enabled=&#8220;off&#8220; button_two_letter_spacing__hover_enabled=&#8220;off&#8220; button_bg_color__hover_enabled=&#8220;off&#8220; button_one_bg_color__hover_enabled=&#8220;off&#8220; button_two_bg_color__hover_enabled=&#8220;off&#8220; sticky_transition=&#8220;on&#8220;][\/et_pb_slide][\/et_pb_slider][et_pb_text admin_label=&#8220;Ich biete Ihnen Pferdegest\u00fctztes&#8220; _builder_version=&#8220;4.7.7&#8243; background_size=&#8220;initial&#8220; background_position=&#8220;top_left&#8220; background_repeat=&#8220;repeat&#8220; hover_enabled=&#8220;0&#8243; sticky_enabled=&#8220;0&#8243;]<\/p>\n<p>Ich biete Ihnen \u00a0Pferdegest\u00fctztes Pers\u00f6nlichkeitstraining oder auch Kommunikationstrainer auf vier Hufen an\u00a0oder\u00a0auch jederzeit Einzeltermine mit mir und den Pferden .<br \/>Schwerpunkte meiner T\u00e4tigkeiten\u00a0sind<\/p>\n<p>Pferdegest\u00fctzte Beratung und Coaching<br \/>Seminar zum Pers\u00f6nlichkeitstraining mit Pferden:<strong> &#8222;Kommunikationstrainer auf vier Hufen&#8220;,\u00a0<\/strong><br \/>Heilp\u00e4dagogisches Reiten\/ Voltigieren f\u00fcr Kinder<br \/>Betreuungs- und Beratungst\u00e4tigkeit im Rahmen der Jugendhilfe<br \/>Training und Beratung zur Erziehungskompetenz<br \/>Fortbildung und Supervision f\u00fcr Fachkr\u00e4fte aus psychosozialen Arbeitsfeldern<br \/>Sie haben Fragen dazu? Setzen Sie sich gerne mit mir in Verbindung.<\/p>\n<p>[\/et_pb_text][\/et_pb_column][\/et_pb_row][\/et_pb_section][et_pb_section fb_built=&#8220;1&#8243; _builder_version=&#8220;3.22&#8243; background_color=&#8220;#ffffff&#8220;][et_pb_row column_structure=&#8220;1_4,1_4,1_4,1_4&#8243; _builder_version=&#8220;3.25&#8243; background_size=&#8220;initial&#8220; background_position=&#8220;top_left&#8220; background_repeat=&#8220;repeat&#8220;][et_pb_column type=&#8220;1_4&#8243; _builder_version=&#8220;3.25&#8243; custom_padding=&#8220;|||&#8220; custom_padding__hover=&#8220;|||&#8220;][et_pb_blurb title=&#8220;Therapeutisches Reiten&#8220; url=&#8220;https:\/\/www.beratung-mit-pferden.de\/index.php\/therapeutisches-reiten\/&#8220; use_icon=&#8220;on&#8220; font_icon=&#8220;\ue03c&#8220; icon_color=&#8220;#a8a8a8&#8243; use_circle=&#8220;on&#8220; circle_color=&#8220;#ffffff&#8220; use_circle_border=&#8220;on&#8220; circle_border_color=&#8220;#e0e0e0&#8243; admin_label=&#8220;Therapeutisches Reiten&#8220; _builder_version=&#8220;3.0.74&#8243; background_size=&#8220;initial&#8220; background_position=&#8220;top_left&#8220; background_repeat=&#8220;repeat&#8220; text_orientation=&#8220;center&#8220;]Das Therapeutische Reiten versteht sich als Oberbegriff f\u00fcr den ganzheitlich f\u00f6rdernden und heilenden Einsatz des speziell ausgebildeten Pferdes.<br \/>\n[\/et_pb_blurb][\/et_pb_column][et_pb_column type=&#8220;1_4&#8243; _builder_version=&#8220;3.25&#8243; custom_padding=&#8220;|||&#8220; custom_padding__hover=&#8220;|||&#8220;][et_pb_blurb title=&#8220;Beratung&#8220; url=&#8220;https:\/\/www.beratung-mit-pferden.de\/index.php\/pferdegestuetzte-beratung\/&#8220; use_icon=&#8220;on&#8220; font_icon=&#8220;\ue03c&#8220; icon_color=&#8220;#a8a8a8&#8243; use_circle=&#8220;on&#8220; circle_color=&#8220;#ffffff&#8220; use_circle_border=&#8220;on&#8220; circle_border_color=&#8220;#e0e0e0&#8243; admin_label=&#8220;Beratung&#8220; _builder_version=&#8220;3.0.74&#8243; background_size=&#8220;initial&#8220; background_position=&#8220;top_left&#8220; background_repeat=&#8220;repeat&#8220; text_orientation=&#8220;center&#8220;]Das Angebot pferdegest\u00fctzter Beratung richtet sich an alle Menschen, die an ihrer pers\u00f6nlichen Weiterentwicklung interessiert sind und dem Lebewesen Pferd mit Neugier und Interesse begegnen.<br \/>\n[\/et_pb_blurb][\/et_pb_column][et_pb_column type=&#8220;1_4&#8243; _builder_version=&#8220;3.25&#8243; custom_padding=&#8220;|||&#8220; custom_padding__hover=&#8220;|||&#8220;][et_pb_blurb title=&#8220;Zur Person&#8220; url=&#8220;https:\/\/www.beratung-mit-pferden.de\/index.php\/zur-person\/&#8220; use_icon=&#8220;on&#8220; font_icon=&#8220;\ue03c&#8220; icon_color=&#8220;#a8a8a8&#8243; use_circle=&#8220;on&#8220; circle_color=&#8220;#ffffff&#8220; use_circle_border=&#8220;on&#8220; circle_border_color=&#8220;#e0e0e0&#8243; admin_label=&#8220;Zur Person&#8220; _builder_version=&#8220;3.0.74&#8243; background_size=&#8220;initial&#8220; background_position=&#8220;top_left&#8220; background_repeat=&#8220;repeat&#8220; text_orientation=&#8220;center&#8220;]Mein hauptberuflicher Arbeitsschwerpunkt\u00a0liegt im Bereich der Jugendhilfe in der Betreuung und Unterst\u00fctzung von Kindern und Jugendlichen und der Beratung deren Eltern.<br \/>\n[\/et_pb_blurb][\/et_pb_column][et_pb_column type=&#8220;1_4&#8243; _builder_version=&#8220;3.25&#8243; custom_padding=&#8220;|||&#8220; custom_padding__hover=&#8220;|||&#8220;][et_pb_blurb title=&#8220;Kontakt&#8220; url=&#8220;https:\/\/www.beratung-mit-pferden.de\/index.php\/kontakt\/&#8220; use_icon=&#8220;on&#8220; font_icon=&#8220;\ue03c&#8220; icon_color=&#8220;#a8a8a8&#8243; use_circle=&#8220;on&#8220; circle_color=&#8220;#ffffff&#8220; use_circle_border=&#8220;on&#8220; circle_border_color=&#8220;#e0e0e0&#8243; admin_label=&#8220;Kontakt&#8220; _builder_version=&#8220;3.0.74&#8243; background_size=&#8220;initial&#8220; background_position=&#8220;top_left&#8220; background_repeat=&#8220;repeat&#8220; text_orientation=&#8220;center&#8220;]Auf Wunsch biete ich Ihnen auch gerne Seminare \u00a0und Einzelstunden an.<br \/>\n[\/et_pb_blurb][\/et_pb_column][\/et_pb_row][et_pb_row _builder_version=&#8220;3.25&#8243; background_size=&#8220;initial&#8220; background_position=&#8220;top_left&#8220; background_repeat=&#8220;repeat&#8220;][et_pb_column type=&#8220;4_4&#8243; _builder_version=&#8220;3.25&#8243; custom_padding=&#8220;|||&#8220; custom_padding__hover=&#8220;|||&#8220;][et_pb_cta title=&#8220;Kontakt&#8220; admin_label=&#8220;Kontakt&#8220; _builder_version=&#8220;3.16&#8243; use_background_color=&#8220;off&#8220; background_size=&#8220;initial&#8220; background_position=&#8220;top_left&#8220; background_repeat=&#8220;repeat&#8220; background_layout=&#8220;light&#8220; button_text_size__hover_enabled=&#8220;off&#8220; button_one_text_size__hover_enabled=&#8220;off&#8220; button_two_text_size__hover_enabled=&#8220;off&#8220; button_text_color__hover_enabled=&#8220;off&#8220; button_one_text_color__hover_enabled=&#8220;off&#8220; button_two_text_color__hover_enabled=&#8220;off&#8220; button_border_width__hover_enabled=&#8220;off&#8220; button_one_border_width__hover_enabled=&#8220;off&#8220; button_two_border_width__hover_enabled=&#8220;off&#8220; button_border_color__hover_enabled=&#8220;off&#8220; button_one_border_color__hover_enabled=&#8220;off&#8220; button_two_border_color__hover_enabled=&#8220;off&#8220; button_border_radius__hover_enabled=&#8220;off&#8220; button_one_border_radius__hover_enabled=&#8220;off&#8220; button_two_border_radius__hover_enabled=&#8220;off&#8220; button_letter_spacing__hover_enabled=&#8220;off&#8220; button_one_letter_spacing__hover_enabled=&#8220;off&#8220; button_two_letter_spacing__hover_enabled=&#8220;off&#8220; button_bg_color__hover_enabled=&#8220;off&#8220; button_one_bg_color__hover_enabled=&#8220;off&#8220; button_two_bg_color__hover_enabled=&#8220;off&#8220;]<\/p>\n<p style=\"text-align: center;\">Kerstin Wiese<br \/>\nLang&#8217;t D\u00f6rp 15<br \/>\n24247 Rodenbek<br \/>\nmobil: 0170-4294684<\/p>\n<p>[\/et_pb_cta][\/et_pb_column][\/et_pb_row][\/et_pb_section]<\/p>\n","protected":false},"excerpt":{"rendered":"<p>Ich biete Ihnen \u00a0Pferdegest\u00fctztes Pers\u00f6nlichkeitstraining oder auch Kommunikationstrainer auf vier Hufen an\u00a0oder\u00a0auch jederzeit Einzeltermine mit mir und den Pferden .Schwerpunkte meiner T\u00e4tigkeiten\u00a0sind Pferdegest\u00fctzte Beratung und CoachingSeminar zum Pers\u00f6nlichkeitstraining mit Pferden: &#8222;Kommunikationstrainer auf vier Hufen&#8220;,\u00a0Heilp\u00e4dagogisches Reiten\/ Voltigieren f\u00fcr KinderBetreuungs- und Beratungst\u00e4tigkeit im Rahmen der JugendhilfeTraining und Beratung zur ErziehungskompetenzFortbildung und Supervision f\u00fcr Fachkr\u00e4fte aus psychosozialen ArbeitsfeldernSie [&hellip;]<\/p>\n","protected":false},"author":1,"featured_media":0,"parent":0,"menu_order":0,"comment_status":"open","ping_status":"open","template":"","meta":{"_et_pb_use_builder":"on","_et_pb_old_content":"<p>[et_pb_section fb_built=\"1\" _builder_version=\"3.22\" background_color=\"#ffffff\" transparent_background=\"off\"][et_pb_row _builder_version=\"3.25\" background_size=\"initial\" background_position=\"top_left\" background_repeat=\"repeat\"][et_pb_column type=\"4_4\" _builder_version=\"3.25\" custom_padding=\"|||\" custom_padding__hover=\"|||\"][et_pb_slider show_arrows=\"off\" show_pagination=\"off\" admin_label=\"Foto\" _builder_version=\"3.16\" custom_padding=\"|||\" custom_padding_tablet=\"|||\" custom_padding_phone=\"|||\" box_shadow_style=\"preset6\" box_shadow_blur=\"10px\" box_shadow_color=\"rgba(0,0,0,0.1)\" show_inner_shadow=\"on\" button_text_size__hover_enabled=\"off\" button_one_text_size__hover_enabled=\"off\" button_two_text_size__hover_enabled=\"off\" button_text_color__hover_enabled=\"off\" button_one_text_color__hover_enabled=\"off\" button_two_text_color__hover_enabled=\"off\" button_border_width__hover_enabled=\"off\" button_one_border_width__hover_enabled=\"off\" button_two_border_width__hover_enabled=\"off\" button_border_color__hover_enabled=\"off\" button_one_border_color__hover_enabled=\"off\" button_two_border_color__hover_enabled=\"off\" button_border_radius__hover_enabled=\"off\" button_one_border_radius__hover_enabled=\"off\" button_two_border_radius__hover_enabled=\"off\" button_letter_spacing__hover_enabled=\"off\" button_one_letter_spacing__hover_enabled=\"off\" button_two_letter_spacing__hover_enabled=\"off\" button_bg_color__hover_enabled=\"off\" button_one_bg_color__hover_enabled=\"off\" button_two_bg_color__hover_enabled=\"off\"][et_pb_slide heading=\"Beratung mit Pferden - Kerstin Wiese\" _builder_version=\"3.16\" background_color=\"#27c9b9\" background_image=\"https:\/\/www.beratung-mit-pferden.de\/wp-content\/uploads\/2014\/10\/startbild2.jpg\" button_text_size__hover_enabled=\"off\" button_one_text_size__hover_enabled=\"off\" button_two_text_size__hover_enabled=\"off\" button_text_color__hover_enabled=\"off\" button_one_text_color__hover_enabled=\"off\" button_two_text_color__hover_enabled=\"off\" button_border_width__hover_enabled=\"off\" button_one_border_width__hover_enabled=\"off\" button_two_border_width__hover_enabled=\"off\" button_border_color__hover_enabled=\"off\" button_one_border_color__hover_enabled=\"off\" button_two_border_color__hover_enabled=\"off\" button_border_radius__hover_enabled=\"off\" button_one_border_radius__hover_enabled=\"off\" button_two_border_radius__hover_enabled=\"off\" button_letter_spacing__hover_enabled=\"off\" button_one_letter_spacing__hover_enabled=\"off\" button_two_letter_spacing__hover_enabled=\"off\" button_bg_color__hover_enabled=\"off\" button_one_bg_color__hover_enabled=\"off\" button_two_bg_color__hover_enabled=\"off\"][\/et_pb_slide][\/et_pb_slider][et_pb_text admin_label=\"Ich biete Ihnen Pferdegest\u00fctztes\" _builder_version=\"4.0.6\" background_size=\"initial\" background_position=\"top_left\" background_repeat=\"repeat\" hover_enabled=\"0\"]<\/p><p>Ich biete Ihnen \u00a0Pferdegest\u00fctztes Pers\u00f6nlichkeitstraining oder auch Kommunikationstrainer auf vier Hufen an\u00a0oder\u00a0auch jederzeit Einzeltermine mit mir und den Pferden .<br \/>Schwerpunkte meiner T\u00e4tigkeiten\u00a0sind<\/p><p>Pferdegest\u00fctzte Beratung und Coaching<br \/>Seminar zum Pers\u00f6nlichkeitstraining mit Pferden:<strong>\u00a0\"Kommunikationstrainer auf vier Hufen\", Osterberg Seminar am 12.-14.06.15.<\/strong><br \/>Heilp\u00e4dagogisches Reiten\/ Voltigieren f\u00fcr Kinder<br \/>Betreuungs- und Beratungst\u00e4tigkeit im Rahmen der Jugendhilfe<br \/>Training und Beratung zur Erziehungskompetenz<br \/>Fortbildung und Supervision f\u00fcr Fachkr\u00e4fte aus psychosozialen Arbeitsfeldern<br \/>Sie haben Fragen dazu? Setzen Sie sich gerne mit mir in Verbindung.<\/p><p>[\/et_pb_text][\/et_pb_column][\/et_pb_row][\/et_pb_section][et_pb_section fb_built=\"1\" _builder_version=\"3.22\" background_color=\"#ffffff\"][et_pb_row column_structure=\"1_4,1_4,1_4,1_4\" _builder_version=\"3.25\" background_size=\"initial\" background_position=\"top_left\" background_repeat=\"repeat\"][et_pb_column type=\"1_4\" _builder_version=\"3.25\" custom_padding=\"|||\" custom_padding__hover=\"|||\"][et_pb_blurb title=\"Therapeutisches Reiten\" url=\"https:\/\/www.beratung-mit-pferden.de\/index.php\/therapeutisches-reiten\/\" use_icon=\"on\" font_icon=\"\ue03c\" icon_color=\"#a8a8a8\" use_circle=\"on\" circle_color=\"#ffffff\" use_circle_border=\"on\" circle_border_color=\"#e0e0e0\" admin_label=\"Therapeutisches Reiten\" _builder_version=\"3.0.74\" background_size=\"initial\" background_position=\"top_left\" background_repeat=\"repeat\" text_orientation=\"center\"]Das Therapeutische Reiten versteht sich als Oberbegriff f\u00fcr den ganzheitlich f\u00f6rdernden und heilenden Einsatz des speziell ausgebildeten Pferdes.<br \/>[\/et_pb_blurb][\/et_pb_column][et_pb_column type=\"1_4\" _builder_version=\"3.25\" custom_padding=\"|||\" custom_padding__hover=\"|||\"][et_pb_blurb title=\"Beratung\" url=\"https:\/\/www.beratung-mit-pferden.de\/index.php\/pferdegestuetzte-beratung\/\" use_icon=\"on\" font_icon=\"\ue03c\" icon_color=\"#a8a8a8\" use_circle=\"on\" circle_color=\"#ffffff\" use_circle_border=\"on\" circle_border_color=\"#e0e0e0\" admin_label=\"Beratung\" _builder_version=\"3.0.74\" background_size=\"initial\" background_position=\"top_left\" background_repeat=\"repeat\" text_orientation=\"center\"]Das Angebot pferdegest\u00fctzter Beratung richtet sich an alle Menschen, die an ihrer pers\u00f6nlichen Weiterentwicklung interessiert sind und dem Lebewesen Pferd mit Neugier und Interesse begegnen.<br \/>[\/et_pb_blurb][\/et_pb_column][et_pb_column type=\"1_4\" _builder_version=\"3.25\" custom_padding=\"|||\" custom_padding__hover=\"|||\"][et_pb_blurb title=\"Zur Person\" url=\"https:\/\/www.beratung-mit-pferden.de\/index.php\/zur-person\/\" use_icon=\"on\" font_icon=\"\ue03c\" icon_color=\"#a8a8a8\" use_circle=\"on\" circle_color=\"#ffffff\" use_circle_border=\"on\" circle_border_color=\"#e0e0e0\" admin_label=\"Zur Person\" _builder_version=\"3.0.74\" background_size=\"initial\" background_position=\"top_left\" background_repeat=\"repeat\" text_orientation=\"center\"]Mein hauptberuflicher Arbeitsschwerpunkt\u00a0liegt im Bereich der Jugendhilfe in der Betreuung und Unterst\u00fctzung von Kindern und Jugendlichen und der Beratung deren Eltern.<br \/>[\/et_pb_blurb][\/et_pb_column][et_pb_column type=\"1_4\" _builder_version=\"3.25\" custom_padding=\"|||\" custom_padding__hover=\"|||\"][et_pb_blurb title=\"Kontakt\" url=\"https:\/\/www.beratung-mit-pferden.de\/index.php\/kontakt\/\" use_icon=\"on\" font_icon=\"\ue03c\" icon_color=\"#a8a8a8\" use_circle=\"on\" circle_color=\"#ffffff\" use_circle_border=\"on\" circle_border_color=\"#e0e0e0\" admin_label=\"Kontakt\" _builder_version=\"3.0.74\" background_size=\"initial\" background_position=\"top_left\" background_repeat=\"repeat\" text_orientation=\"center\"]Auf Wunsch biete ich Ihnen auch gerne Seminare \u00a0und Einzelstunden an.<br \/>[\/et_pb_blurb][\/et_pb_column][\/et_pb_row][et_pb_row _builder_version=\"3.25\" background_size=\"initial\" background_position=\"top_left\" background_repeat=\"repeat\"][et_pb_column type=\"4_4\" _builder_version=\"3.25\" custom_padding=\"|||\" custom_padding__hover=\"|||\"][et_pb_cta title=\"Kontakt\" admin_label=\"Kontakt\" _builder_version=\"3.16\" use_background_color=\"off\" background_size=\"initial\" background_position=\"top_left\" background_repeat=\"repeat\" background_layout=\"light\" button_text_size__hover_enabled=\"off\" button_one_text_size__hover_enabled=\"off\" button_two_text_size__hover_enabled=\"off\" button_text_color__hover_enabled=\"off\" button_one_text_color__hover_enabled=\"off\" button_two_text_color__hover_enabled=\"off\" button_border_width__hover_enabled=\"off\" button_one_border_width__hover_enabled=\"off\" button_two_border_width__hover_enabled=\"off\" button_border_color__hover_enabled=\"off\" button_one_border_color__hover_enabled=\"off\" button_two_border_color__hover_enabled=\"off\" button_border_radius__hover_enabled=\"off\" button_one_border_radius__hover_enabled=\"off\" button_two_border_radius__hover_enabled=\"off\" button_letter_spacing__hover_enabled=\"off\" button_one_letter_spacing__hover_enabled=\"off\" button_two_letter_spacing__hover_enabled=\"off\" button_bg_color__hover_enabled=\"off\" button_one_bg_color__hover_enabled=\"off\" button_two_bg_color__hover_enabled=\"off\"]<\/p><p style=\"text-align: center;\">Kerstin Wiese<br \/>Lang't D\u00f6rp 15<br \/>24247 Rodenbek<br \/>mobil: 0170-4294684<\/p><p>[\/et_pb_cta][\/et_pb_column][\/et_pb_row][\/et_pb_section]<\/p>","_et_gb_content_width":"","footnotes":""},"_links":{"self":[{"href":"https:\/\/beratung-mit-pferden.de\/index.php\/wp-json\/wp\/v2\/pages\/41"}],"collection":[{"href":"https:\/\/beratung-mit-pferden.de\/index.php\/wp-json\/wp\/v2\/pages"}],"about":[{"href":"https:\/\/beratung-mit-pferden.de\/index.php\/wp-json\/wp\/v2\/types\/page"}],"author":[{"embeddable":true,"href":"https:\/\/beratung-mit-pferden.de\/index.php\/wp-json\/wp\/v2\/users\/1"}],"replies":[{"embeddable":true,"href":"https:\/\/beratung-mit-pferden.de\/index.php\/wp-json\/wp\/v2\/comments?post=41"}],"version-history":[{"count":27,"href":"https:\/\/beratung-mit-pferden.de\/index.php\/wp-json\/wp\/v2\/pages\/41\/revisions"}],"predecessor-version":[{"id":13157,"href":"https:\/\/beratung-mit-pferden.de\/index.php\/wp-json\/wp\/v2\/pages\/41\/revisions\/13157"}],"wp:attachment":[{"href":"https:\/\/beratung-mit-pferden.de\/index.php\/wp-json\/wp\/v2\/media?parent=41"}],"curies":[{"name":"wp","href":"https:\/\/api.w.org\/{rel}","templated":true}]}}