{"id":51,"date":"2014-10-15T18:38:39","date_gmt":"2014-10-15T16:38:39","guid":{"rendered":"http:\/\/www.beratung-mit-pferden.de\/?page_id=51"},"modified":"2014-10-28T21:04:20","modified_gmt":"2014-10-28T19:04:20","slug":"therapeutisches-reiten","status":"publish","type":"page","link":"https:\/\/beratung-mit-pferden.de\/index.php\/therapeutisches-reiten\/","title":{"rendered":"Therapeutisches Reiten"},"content":{"rendered":"<p>[et_pb_section fullwidth=&#8220;off&#8220; specialty=&#8220;off&#8220; transparent_background=&#8220;off&#8220; background_color=&#8220;#ffffff&#8220; inner_shadow=&#8220;off&#8220; parallax=&#8220;off&#8220; parallax_method=&#8220;off&#8220;][et_pb_row][et_pb_column type=&#8220;4_4&#8243;][et_pb_slider admin_label=&#8220;Slider&#8220; show_arrows=&#8220;on&#8220; show_pagination=&#8220;on&#8220; auto=&#8220;off&#8220; parallax=&#8220;off&#8220; parallax_method=&#8220;off&#8220;][et_pb_slide heading=&#8220;Therapeutisches Reiten&#8220; background_color=&#8220;#27c9b9&#8243; alignment=&#8220;center&#8220; background_layout=&#8220;dark&#8220; background_image=&#8220;https:\/\/www.beratung-mit-pferden.de\/wp-content\/uploads\/2014\/10\/therapeutisches-reiten-slider.jpg&#8220; \/][\/et_pb_slider][et_pb_text admin_label=&#8220;Text&#8220; background_layout=&#8220;light&#8220; text_orientation=&#8220;left&#8220;]<\/p>\n<p>Das Therapeutische Reiten versteht sich als Oberbegriff f\u00fcr den ganzheitlich f\u00f6rdernden und heilenden Einsatz des speziell ausgebildeten Pferdes in der<\/p>\n<ul>\n<li>heilp\u00e4dagogischen, psychologischen (Heilp\u00e4dagogisches Reiten\/Voltigieren)<\/li>\n<li>medizinischen (Hippotherapie)<\/li>\n<li>und sportlich-integrativen (Behindertensport)<\/li>\n<li>Arbeit mit Kindern, Jugendlichen und Erwachsenen.<\/li>\n<\/ul>\n<p>Das <strong>Therapeutische Reiten<\/strong> bietet die M\u00f6glichkeit der gezielten F\u00f6rderung in den Bereichen<\/p>\n<ul>\n<li>der Motorik<\/li>\n<li>der Wahrnehmung<\/li>\n<li>der Psychologie<\/li>\n<li>der Kommunikation<\/li>\n<li>und der sozialen Integration<\/li>\n<li>Basis und Schwerpunkt<\/li>\n<\/ul>\n<p>Ausgangspunkt der Arbeit ist die jeweilige Lebenssituation und die Gesamtpers\u00f6nlichkeit und individuelle Bed\u00fcrfnislage jeder\/s Einzelnen. Im Vordergrund stehen nicht dessen Schw\u00e4chen, sondern seine Neigungen, Bed\u00fcrfnisse, St\u00e4rken und Gef\u00fchle. Das Anliegen im Therapeutischen Reiten ist die F\u00f6rderung des einzelnen Menschen und das ganzheitliche Erleben mit dem Pferd und nicht die Vermittlung von reiterlichen F\u00e4higkeiten als sportliche Freizeitbesch\u00e4ftigung. Die Angebote beruhen auf Selbstbestimmung und Freiwilligkeit.<\/p>\n<h2>Die Wirkungsweisen und Besonderheiten des Pferdes<\/h2>\n<p>Das Heilp\u00e4dagogische Reiten\/Voltigieren (HPR\/V) ist ein auf bewegte Interaktion aufgebautes Konzept, bei dem das Pferd aufgrund seiner hohen Wahrnehmungs- und Beziehungsqualit\u00e4ten in den Mittelpunkt des therapeutischen Geschehens gestellt wird.<\/p>\n<h3>Motorik<\/h3>\n<p>Die unterschiedlichen Bewegungsqalit\u00e4ten des Therapiepferdes in Bezug auf Takt, Tempo und Bewegungsrichtung stimulieren direkt die Bewegungsqalit\u00e4ten des\/der ReiterIn und setzen Impulse f\u00fcr neue Bewegungserfahrungen. Der Wechsel von Anspannung und Entspannung wirkt regulierend auf den Muskeltonus. Die Bewegungen des Pferdes entsprechen im dreidimensionalen, rythmischen Schwingen dem nat\u00fcrlichen Bewegungsablauf des Menschen im Gehen. Die beim Reiten erzielte Lockerung der Muskulatur, insbesondere des Beckenbereiches, f\u00f6rdert unmittelbar die L\u00f6sung von inneren Blockaden und kann so beitragen, psychische Verarbeitungsprozesse in Gang zu setzen.<\/p>\n<h3>Wahrnehmung<\/h3>\n<p>Das &#8222;wortlose&#8220; Pferd besitzt eine gro\u00dfe Feinf\u00fchligkeit f\u00fcr kleinste Ausdrucksnuancen in der Verst\u00e4ndigung, es ist sensibilisiert f\u00fcr den K\u00f6rperausdruck und ist \u00dcbertragungs- und Identifikationsfigur. Es dient als Spiegel f\u00fcr pers\u00f6nliche Verhaltensmuster und konfrontiert damit.<\/p>\n<h2 class=\"PostHeaderIcon-wrapper\">Ziele in der Arbeit mit dem Pferd<\/h2>\n<h3>St\u00e4rkung der Pers\u00f6nlichkeit<\/h3>\n<ul>\n<li>Der Aufbau und die St\u00e4rkung von Selbstvertrauen und Selbstwertgef\u00fchl<\/li>\n<li>Die Entwicklung von Kontaktf\u00e4higkeit und der Aufbau vertrauensvoller Beziehungen<\/li>\n<li>Das Erkennen und Ausdr\u00fccken eigener Bed\u00fcrfnisse und Grenzen<\/li>\n<\/ul>\n<h3>Psychomotorische F\u00f6rderung<\/h3>\n<ul>\n<li>Die Schulung der K\u00f6rperwahrnehmung und die F\u00f6rderung eines positiven K\u00f6rperbewusstseins<\/li>\n<li>Die F\u00f6rderung der k\u00f6rpernahen Sinne, vestibul\u00e4re, kin\u00e4sthetische und taktile Stimulation<\/li>\n<li>Die Erfahrung neuer Bewegungsimpulse und der Freude an Bewegung<\/li>\n<li>Das Erleben von W\u00e4rme und Geborgenheit \u00fcber den K\u00f6rper des Pferdes<\/li>\n<li>Die F\u00f6rderung von Entspannung und Loslassenk\u00f6nnen, die Reduzierung von Spastiken<\/li>\n<li>Die Schulung motorischer F\u00e4higkeiten, der Beweglichkeit und der Koordination<\/li>\n<li>Die F\u00f6rderung der sensorischen Integration<\/li>\n<li>Das Erleben von Spa\u00df und Freude an Tieren, in der Gruppe und in der Natur<\/li>\n<\/ul>\n<h2>Zielgruppen des Therapeutischen Reitens<\/h2>\n<h3>Selbstfindung und Weiterentwicklung<\/h3>\n<p>Das Heilp\u00e4dagogische Reiten\/Voltigieren eignet sich f\u00fcr alle, die ein Interesse an Selbstfindungs- und Weiterentwicklungsprozessen mit sich und mit anderen Menschen mit Hilfe des Pferdes haben.<br \/>\nHierbei steht die Entwicklung von Achtsamkeit sich selbst, anderen und dem Pferd gegen\u00fcber, von Selbst- und Verantwortungsbewusstsein sowie das Erlernen neuer F\u00e4higkeiten und das Ausprobieren neuer Verhaltensweisen im Mittelpunkt. Angesprochen sind besonders diejenigen, die Pferde m\u00f6gen und sie in ihrem Wesen, ihrem Ausdruck und Verhalten kennenlernen wollen.<\/p>\n<h3>Indikation<\/h3>\n<p>Die Angebote von Frigga richten sich insbesondere an Kinder (ab 3 Jahren), Jugendliche und Erwachsene<\/p>\n<h4>Die Co-Trainer &#8211; Die Pferde von Frigga<\/h4>\n<p>Janosch, Haflinger Wallach<br \/>\nerfahrenes Therapie- \/Lehrpferd<br \/>\nund Allround-Talent<\/p>\n<p>Felix, Reitpony-Mix<br \/>\nfeinf\u00fchlig und neugierig gegen\u00fcber jedem Kontakt<\/p>\n<p>DaCapo, Hannoveraner Wallach<br \/>\ngeduldiger Partner als Lehr- und Reitpferd<\/p>\n<p>Robinson, Dt. Reitpferd<br \/>\nfreundlicher Begleiter an alle Orten<\/p>\n<p>&#8230; sowie noch weitere verl\u00e4ssliche Pferde-Trainer, die individuell eingesetzt werden.<\/p>\n<p>Alle Pferde haben einen aufgeschlossenen und ehrlichen Charakter und sind den Menschen freundlich zugetan. Sie leben gemeinsam im Herdenverband und haben so untereinander artgerechten Kontakt und ausreichend Bewegung. F\u00fcr ihre speziellen Aufgaben sind sie sorgf\u00e4ltig ausgebildet und werden best\u00e4ndig weiter geschult.<\/p>\n<p>&nbsp;<\/p>\n<p>[\/et_pb_text][et_pb_gallery admin_label=&#8220;Gallery&#8220; gallery_ids=&#8220;54,53,52&#8243; fullwidth=&#8220;off&#8220; posts_number=&#8220;3&#8243; show_title_and_caption=&#8220;on&#8220; show_pagination=&#8220;on&#8220; background_layout=&#8220;light&#8220; \/][\/et_pb_column][\/et_pb_row][\/et_pb_section]<\/p>\n","protected":false},"excerpt":{"rendered":"<p><div class=\"et_pb_row et_pb_row_0 et_pb_row_empty\">\n\t\t\t\t\n\t\t\t\t\n\t\t\t\t\n\t\t\t\t\n\t\t\t\t\n\t\t\t<\/div> Das Therapeutische Reiten versteht sich als Oberbegriff f\u00fcr den ganzheitlich f\u00f6rdernden und heilenden Einsatz des speziell ausgebildeten Pferdes in der heilp\u00e4dagogischen, psychologischen (Heilp\u00e4dagogisches Reiten\/Voltigieren) medizinischen (Hippotherapie) und sportlich-integrativen (Behindertensport) Arbeit mit Kindern, Jugendlichen und Erwachsenen. Das Therapeutische Reiten bietet die M\u00f6glichkeit der gezielten F\u00f6rderung in den Bereichen der Motorik der Wahrnehmung der Psychologie der [&hellip;]<\/p>\n","protected":false},"author":1,"featured_media":0,"parent":0,"menu_order":0,"comment_status":"open","ping_status":"open","template":"","meta":{"_et_pb_use_builder":"on","_et_pb_old_content":"","_et_gb_content_width":"","footnotes":""},"_links":{"self":[{"href":"https:\/\/beratung-mit-pferden.de\/index.php\/wp-json\/wp\/v2\/pages\/51"}],"collection":[{"href":"https:\/\/beratung-mit-pferden.de\/index.php\/wp-json\/wp\/v2\/pages"}],"about":[{"href":"https:\/\/beratung-mit-pferden.de\/index.php\/wp-json\/wp\/v2\/types\/page"}],"author":[{"embeddable":true,"href":"https:\/\/beratung-mit-pferden.de\/index.php\/wp-json\/wp\/v2\/users\/1"}],"replies":[{"embeddable":true,"href":"https:\/\/beratung-mit-pferden.de\/index.php\/wp-json\/wp\/v2\/comments?post=51"}],"version-history":[{"count":6,"href":"https:\/\/beratung-mit-pferden.de\/index.php\/wp-json\/wp\/v2\/pages\/51\/revisions"}],"predecessor-version":[{"id":102,"href":"https:\/\/beratung-mit-pferden.de\/index.php\/wp-json\/wp\/v2\/pages\/51\/revisions\/102"}],"wp:attachment":[{"href":"https:\/\/beratung-mit-pferden.de\/index.php\/wp-json\/wp\/v2\/media?parent=51"}],"curies":[{"name":"wp","href":"https:\/\/api.w.org\/{rel}","templated":true}]}}