{"id":57,"date":"2014-10-15T18:40:33","date_gmt":"2014-10-15T16:40:33","guid":{"rendered":"http:\/\/www.beratung-mit-pferden.de\/?page_id=57"},"modified":"2015-08-12T20:06:40","modified_gmt":"2015-08-12T18:06:40","slug":"pferdegestuetzte-beratung","status":"publish","type":"page","link":"https:\/\/beratung-mit-pferden.de\/index.php\/pferdegestuetzte-beratung\/","title":{"rendered":"Pferdegest\u00fctzte Beratung"},"content":{"rendered":"<p>[et_pb_section fullwidth=&#8220;off&#8220; specialty=&#8220;off&#8220; transparent_background=&#8220;off&#8220; background_color=&#8220;#ffffff&#8220; inner_shadow=&#8220;off&#8220; parallax=&#8220;off&#8220; parallax_method=&#8220;off&#8220;][et_pb_row][et_pb_column type=&#8220;4_4&#8243;][et_pb_slider admin_label=&#8220;Slider&#8220; show_arrows=&#8220;on&#8220; show_pagination=&#8220;on&#8220; auto=&#8220;off&#8220; parallax=&#8220;off&#8220; parallax_method=&#8220;off&#8220;][et_pb_slide heading=&#8220;Pferdegest\u00fctzte Beratung&#8220; background_color=&#8220;#27c9b9&#8243; alignment=&#8220;center&#8220; background_layout=&#8220;dark&#8220; background_image=&#8220;https:\/\/www.beratung-mit-pferden.de\/wp-content\/uploads\/2014\/10\/slider-1.jpg&#8220; \/][\/et_pb_slider][et_pb_text admin_label=&#8220;Text&#8220; background_layout=&#8220;light&#8220; text_orientation=&#8220;left&#8220;]<\/p>\n<p>Das Angebot pferdegest\u00fctzter Beratung richtet sich an alle Menschen, die an ihrer pers\u00f6nlichen Weiterentwicklung interessiert sind und dem Lebewesen Pferd mit Neugier und Interesse begegnen.<\/p>\n<p>Das Pferd agiert dabei als Trainings- und Beziehungspartner f\u00fcr ein bewegtes, ganzheitliches Lernen. Die hohen Wahrnehmungs- und Beziehungsqualit\u00e4ten des Pferdes dienen in der Interaktion als Spiegel der individuellen Denk-, F\u00fchl- und Verhaltensmuster und bieten im Rahmen meiner Beratungst\u00e4tigkeit vielgestaltige Zugangsm\u00f6glichkeiten zur Bearbeitung beruflicher und privater Themen und Fragestellungen.<\/p>\n<p>Ebenso hilfreich erweisen sich pferdegest\u00fctzte Interventionen in der Begleitung von Menschen mit seelischen Problemen und psychischen Erkrankungen.<br \/>\nDies k\u00f6nnen sein: depressive Erkrankungen, Traumafolgest\u00f6rungen, \u00c4ngste, Ersch\u00f6pfungssyndrom, Selbstwertproblematiken und Beziehungsst\u00f6rungen.<br \/>\nHierbei ersetzt die Arbeit mit dem Pferd keinesfalls eine Psychotherapie, ist jedoch \u2013 auch als sinnvolle Erg\u00e4nzung dazu \u2013 ein erlebnisorientierter Ansatz, um neue pers\u00f6nlichkeitsst\u00e4rkende Erfahrungen zu machen, sich im Alltag zu stabilisieren und alternative Verhaltensoptionen in einem gesch\u00fctzten Rahmen auszuprobieren.<br \/>\nIn der Beratungsarbeit mit dem Pferd ergeben sich grunds\u00e4tzlich drei gro\u00dfe Lernfelder:<\/p>\n<ol>\n<li>Die pers\u00f6nliche Kontaktgestaltung und der Beziehungsaufbau zu einem Lebewesen schult die Entwicklung von Achtsamkeit und Pr\u00e4sens im Hier und Jetzt<\/li>\n<li>Das Leiten des Pferdes im Gleichgewicht von Respekt und Vertrauen macht L\u00f6sungskompetenz und Handlungswirksamkeit erfahrbar.<\/li>\n<li>Das Aktivsein in der gemeinsamen Bewegung und im K\u00f6rperkontakt mit dem Pferd stimuliert die eigene Lebendigkeit und Ausdrucksfreude.<\/li>\n<\/ol>\n<p>&nbsp;<\/p>\n<p>[\/et_pb_text][\/et_pb_column][\/et_pb_row][\/et_pb_section]<\/p>\n","protected":false},"excerpt":{"rendered":"<p><div class=\"et_pb_row et_pb_row_0 et_pb_row_empty\">\n\t\t\t\t\n\t\t\t\t\n\t\t\t\t\n\t\t\t\t\n\t\t\t\t\n\t\t\t<\/div> Das Angebot pferdegest\u00fctzter Beratung richtet sich an alle Menschen, die an ihrer pers\u00f6nlichen Weiterentwicklung interessiert sind und dem Lebewesen Pferd mit Neugier und Interesse begegnen. Das Pferd agiert dabei als Trainings- und Beziehungspartner f\u00fcr ein bewegtes, ganzheitliches Lernen. Die hohen Wahrnehmungs- und Beziehungsqualit\u00e4ten des Pferdes dienen in der Interaktion als Spiegel der individuellen Denk-, [&hellip;]<\/p>\n","protected":false},"author":1,"featured_media":0,"parent":0,"menu_order":0,"comment_status":"open","ping_status":"open","template":"","meta":{"_et_pb_use_builder":"on","_et_pb_old_content":"","_et_gb_content_width":"","footnotes":""},"_links":{"self":[{"href":"https:\/\/beratung-mit-pferden.de\/index.php\/wp-json\/wp\/v2\/pages\/57"}],"collection":[{"href":"https:\/\/beratung-mit-pferden.de\/index.php\/wp-json\/wp\/v2\/pages"}],"about":[{"href":"https:\/\/beratung-mit-pferden.de\/index.php\/wp-json\/wp\/v2\/types\/page"}],"author":[{"embeddable":true,"href":"https:\/\/beratung-mit-pferden.de\/index.php\/wp-json\/wp\/v2\/users\/1"}],"replies":[{"embeddable":true,"href":"https:\/\/beratung-mit-pferden.de\/index.php\/wp-json\/wp\/v2\/comments?post=57"}],"version-history":[{"count":4,"href":"https:\/\/beratung-mit-pferden.de\/index.php\/wp-json\/wp\/v2\/pages\/57\/revisions"}],"predecessor-version":[{"id":99,"href":"https:\/\/beratung-mit-pferden.de\/index.php\/wp-json\/wp\/v2\/pages\/57\/revisions\/99"}],"wp:attachment":[{"href":"https:\/\/beratung-mit-pferden.de\/index.php\/wp-json\/wp\/v2\/media?parent=57"}],"curies":[{"name":"wp","href":"https:\/\/api.w.org\/{rel}","templated":true}]}}