{"id":60,"date":"2014-10-15T18:42:24","date_gmt":"2014-10-15T16:42:24","guid":{"rendered":"http:\/\/www.beratung-mit-pferden.de\/?page_id=60"},"modified":"2019-11-22T12:32:32","modified_gmt":"2019-11-22T10:32:32","slug":"zur-person","status":"publish","type":"page","link":"https:\/\/beratung-mit-pferden.de\/index.php\/zur-person\/","title":{"rendered":"Zur Person"},"content":{"rendered":"<p>[et_pb_section fb_built=&#8220;1&#8243; _builder_version=&#8220;3.22&#8243; background_color=&#8220;#ffffff&#8220; transparent_background=&#8220;off&#8220;][et_pb_row _builder_version=&#8220;3.25&#8243; background_size=&#8220;initial&#8220; background_position=&#8220;top_left&#8220; background_repeat=&#8220;repeat&#8220; hover_enabled=&#8220;0&#8243;][et_pb_column type=&#8220;4_4&#8243; _builder_version=&#8220;3.25&#8243; custom_padding=&#8220;|||&#8220; custom_padding__hover=&#8220;|||&#8220;][et_pb_slider admin_label=&#8220;Slider&#8220; _builder_version=&#8220;4.0.6&#8243; custom_padding=&#8220;|||&#8220; custom_padding_tablet=&#8220;|||&#8220; custom_padding_phone=&#8220;|||&#8220; hover_enabled=&#8220;0&#8243; box_shadow_style=&#8220;preset6&#8243; box_shadow_blur=&#8220;10px&#8220; box_shadow_color=&#8220;rgba(0,0,0,0.1)&#8220; show_inner_shadow=&#8220;on&#8220; button_text_size__hover_enabled=&#8220;off&#8220; button_one_text_size__hover_enabled=&#8220;off&#8220; button_two_text_size__hover_enabled=&#8220;off&#8220; button_text_color__hover_enabled=&#8220;off&#8220; button_one_text_color__hover_enabled=&#8220;off&#8220; button_two_text_color__hover_enabled=&#8220;off&#8220; button_border_width__hover_enabled=&#8220;off&#8220; button_one_border_width__hover_enabled=&#8220;off&#8220; button_two_border_width__hover_enabled=&#8220;off&#8220; button_border_color__hover_enabled=&#8220;off&#8220; button_one_border_color__hover_enabled=&#8220;off&#8220; button_two_border_color__hover_enabled=&#8220;off&#8220; button_border_radius__hover_enabled=&#8220;off&#8220; button_one_border_radius__hover_enabled=&#8220;off&#8220; button_two_border_radius__hover_enabled=&#8220;off&#8220; button_letter_spacing__hover_enabled=&#8220;off&#8220; button_one_letter_spacing__hover_enabled=&#8220;off&#8220; button_two_letter_spacing__hover_enabled=&#8220;off&#8220; button_bg_color__hover_enabled=&#8220;off&#8220; button_one_bg_color__hover_enabled=&#8220;off&#8220; button_two_bg_color__hover_enabled=&#8220;off&#8220;][et_pb_slide heading=&#8220;Kerstin Wiese&#8220; _builder_version=&#8220;4.0.6&#8243; background_color=&#8220;#27c9b9&#8243; background_image=&#8220;https:\/\/www.beratung-mit-pferden.de\/wp-content\/uploads\/2014\/10\/startbild2.jpg&#8220; hover_enabled=&#8220;0&#8243; button_text_size__hover_enabled=&#8220;off&#8220; button_one_text_size__hover_enabled=&#8220;off&#8220; button_two_text_size__hover_enabled=&#8220;off&#8220; button_text_color__hover_enabled=&#8220;off&#8220; button_one_text_color__hover_enabled=&#8220;off&#8220; button_two_text_color__hover_enabled=&#8220;off&#8220; button_border_width__hover_enabled=&#8220;off&#8220; button_one_border_width__hover_enabled=&#8220;off&#8220; button_two_border_width__hover_enabled=&#8220;off&#8220; button_border_color__hover_enabled=&#8220;off&#8220; button_one_border_color__hover_enabled=&#8220;off&#8220; button_two_border_color__hover_enabled=&#8220;off&#8220; button_border_radius__hover_enabled=&#8220;off&#8220; button_one_border_radius__hover_enabled=&#8220;off&#8220; button_two_border_radius__hover_enabled=&#8220;off&#8220; button_letter_spacing__hover_enabled=&#8220;off&#8220; button_one_letter_spacing__hover_enabled=&#8220;off&#8220; button_two_letter_spacing__hover_enabled=&#8220;off&#8220; button_bg_color__hover_enabled=&#8220;off&#8220; button_one_bg_color__hover_enabled=&#8220;off&#8220; button_two_bg_color__hover_enabled=&#8220;off&#8220;][\/et_pb_slide][\/et_pb_slider][et_pb_text admin_label=&#8220;Text&#8220; _builder_version=&#8220;4.0.6&#8243; background_size=&#8220;initial&#8220; background_position=&#8220;top_left&#8220; background_repeat=&#8220;repeat&#8220; hover_enabled=&#8220;0&#8243;]<\/p>\n<h2>Kerstin Wiese<\/h2>\n<p>Jg.1966<br \/> Dipl. Sozialp\u00e4dagogin<\/p>\n<h2>Professionelle Qualifizierung<\/h2>\n<p>Reittherapeutin (DKThR),<br \/> Transaktionsanalytikerin (CTA),<br \/> Fachberaterin Psychotraumatologie (DeGPT),<br \/> Traumap\u00e4dagogin (zptn),<br \/> WenDo-Selbstbehauptungstrainerin,<br \/> Weiterbildung in klinisch orientierter Psychomotorik<\/p>\n<h2>Eine kurze berufliche Vorstellung\u2026<\/h2>\n<p>Mein hauptberuflicher Arbeitsschwerpunkt<br \/> liegt im Bereich der Jugendhilfe in der Betreuung und Unterst\u00fctzung von Kindern und Jugendlichen und der Beratung deren Eltern sowie der Planung und Koordination von Hilfen zur Erziehung f\u00fcr einen Freien Jugendhilfetr\u00e4ger in Kiel. Gerne gebe ich mein Wissen und meine Erfahrung in Form von Training und Supervision an soziale Fachkr\u00e4fte aus Schule, Kindertagesst\u00e4tte sowie Kinder- und Jugendhilfeeinrichtungen weiter.<\/p>\n<p>2006 qualifizierte ich mich zur Fachberaterin f\u00fcr Psychotraumatologie.<br \/> 2011 schloss ich meine langj\u00e4hrige Ausbildung zur Transaktionsanalytikerin ab. Das humanistische Menschenbild und die Konzepte der systemischen Transaktionsanalyse sch\u00e4tze ich als ein wichtiges Fundament meiner Beratungst\u00e4tigkeit.<\/p>\n<p>Im Rahmen meiner freiberuflichen T\u00e4tigkeit habe ich drei wesentliche Arbeitsschwerpunkte:<\/p>\n<p>Als ausgebildete <strong>Reittherapeutin<\/strong> f\u00fcr Heilp\u00e4dagogisches Reiten und Voltigieren durch das Deutsche Kuratorium f\u00fcr Therapeutisches Reiten (DKThR) habe ich ab 1996 den Reittherapiebetrieb \u201eFrigga \u2013Therapeutisches Reiten und psychomotorische F\u00f6rderung\u201c gegr\u00fcndet. Meine Weiterbildung in Klinisch-orientierter Psychomotorik schloss ich 2000 ab.<br \/> Im Bereich des Heilp\u00e4dagogischen Reitens und Voltigierens richten sich die Einzel- und Gruppenangebote an Kinder und Jugendliche.<\/p>\n<p>Im Rahmen meiner Beratungst\u00e4tigkeit als <strong>Transaktionsanalytikerin<\/strong> nutzte ich das Pferd als wertvollen Beziehungs- und Trainingspartner zur Bearbeitung der pers\u00f6nlichen Anliegen meiner Klienten.<\/p>\n<p>In den <strong>Seminarangeboten<\/strong> zur \u201ePers\u00f6nlichkeitsentwicklung mit Pferden\u201c werden innerhalb der Trainingsgruppe und auch im Einzelsetting sowohl private wie berufliche Anliegen der Teilnehmenden erarbeitet und reflektiert.<br \/> Daneben besteht die M\u00f6glichkeit des pferdegest\u00fctzten Coaching von Einzelpersonen in unterschiedlichen Arbeits- und Rollenkontexten sowie die Durchf\u00fchrung von \u201eWunsch\u201c-Seminaren f\u00fcr geschlossene Gruppen und Teams.<\/p>\n<p>Zu meinen <strong>Trainingspartnern<\/strong> z\u00e4hlen meine speziell ausgebildeten Pferde Janosch, Felix und Dacapo, deren Vertrauen und Mitarbeit mich immer wieder mit Dankbarkeit und tiefster Freude erf\u00fcllt.<\/p>\n<p>[\/et_pb_text][\/et_pb_column][\/et_pb_row][\/et_pb_section]<\/p>\n","protected":false},"excerpt":{"rendered":"<p>Kerstin Wiese Jg.1966 Dipl. Sozialp\u00e4dagogin Professionelle Qualifizierung Reittherapeutin (DKThR), Transaktionsanalytikerin (CTA), Fachberaterin Psychotraumatologie (DeGPT), Traumap\u00e4dagogin (zptn), WenDo-Selbstbehauptungstrainerin, Weiterbildung in klinisch orientierter Psychomotorik Eine kurze berufliche Vorstellung\u2026 Mein hauptberuflicher Arbeitsschwerpunkt liegt im Bereich der Jugendhilfe in der Betreuung und Unterst\u00fctzung von Kindern und Jugendlichen und der Beratung deren Eltern sowie der Planung und Koordination von Hilfen [&hellip;]<\/p>\n","protected":false},"author":1,"featured_media":0,"parent":0,"menu_order":0,"comment_status":"open","ping_status":"open","template":"","meta":{"_et_pb_use_builder":"on","_et_pb_old_content":"","_et_gb_content_width":"","footnotes":""},"_links":{"self":[{"href":"https:\/\/beratung-mit-pferden.de\/index.php\/wp-json\/wp\/v2\/pages\/60"}],"collection":[{"href":"https:\/\/beratung-mit-pferden.de\/index.php\/wp-json\/wp\/v2\/pages"}],"about":[{"href":"https:\/\/beratung-mit-pferden.de\/index.php\/wp-json\/wp\/v2\/types\/page"}],"author":[{"embeddable":true,"href":"https:\/\/beratung-mit-pferden.de\/index.php\/wp-json\/wp\/v2\/users\/1"}],"replies":[{"embeddable":true,"href":"https:\/\/beratung-mit-pferden.de\/index.php\/wp-json\/wp\/v2\/comments?post=60"}],"version-history":[{"count":8,"href":"https:\/\/beratung-mit-pferden.de\/index.php\/wp-json\/wp\/v2\/pages\/60\/revisions"}],"predecessor-version":[{"id":13128,"href":"https:\/\/beratung-mit-pferden.de\/index.php\/wp-json\/wp\/v2\/pages\/60\/revisions\/13128"}],"wp:attachment":[{"href":"https:\/\/beratung-mit-pferden.de\/index.php\/wp-json\/wp\/v2\/media?parent=60"}],"curies":[{"name":"wp","href":"https:\/\/api.w.org\/{rel}","templated":true}]}}